{"id":12,"date":"2026-02-23T22:50:43","date_gmt":"2026-02-23T21:50:43","guid":{"rendered":"https:\/\/www.noctisstudio.com\/vampires-jeux-nocturnes\/?page_id=12"},"modified":"2026-03-14T17:11:45","modified_gmt":"2026-03-14T16:11:45","slug":"vampires-jeux-nocturnes","status":"publish","type":"page","link":"https:\/\/www.noctiludi.com\/stellar-colonia\/","title":{"rendered":"Stellar Colonia"},"content":{"rendered":"\n<h1 class=\"wp-block-heading has-large-font-size\" style=\"padding-right:var(--wp--preset--spacing--50);padding-left:var(--wp--preset--spacing--50)\">Stellar Colonia<\/h1>\n\n\n\n<h3 class=\"wp-block-heading has-theme-palette-5-color has-text-color has-link-color wp-elements-ba22767671e8d36fd483cdd7432361d0\" style=\"padding-top:0;padding-right:var(--wp--preset--spacing--50);padding-bottom:0;padding-left:var(--wp--preset--spacing--50)\">Statut : <strong>\ud83d\udd35 En conception<\/strong><\/h3>\n\n\n\n<p class=\"has-large-font-size\" style=\"padding-right:var(--wp--preset--spacing--50);padding-left:var(--wp--preset--spacing--50)\"><em><em>Diplomatie stellaire, sabotages tactiques, conqu\u00eate de la R\u00e9serve.<\/em>.<\/em><\/p>\n\n\n\n<h2 class=\"wp-block-heading has-large-font-size\" id=\"pitch\" style=\"padding-right:var(--wp--preset--spacing--50);padding-left:var(--wp--preset--spacing--50)\">Pitch rapide<\/h2>\n\n\n\n<p style=\"padding-top:0;padding-right:var(--wp--preset--spacing--50);padding-bottom:0;padding-left:var(--wp--preset--spacing--50)\">Dans <strong>Stellar Colonia<\/strong>, vous dirigez une compagnie stellaire en qu\u00eate de colons. Sur la plan\u00e8te Colonia, des milliers de postulants (humains, f\u00e9lins, arachnides&#8230;) attendent un destin. <strong>Planifiez<\/strong> vos recruteurs, <strong>attaquez<\/strong> vos concurrents et <strong>s\u00e9duisez<\/strong> la R\u00e9serve. Un jeu de majorit\u00e9 et d&rsquo;asym\u00e9trie o\u00f9 la tension grimpe \u00e0 mesure que les ressources s&rsquo;\u00e9puisent.<\/p>\n\n\n\n<h2 class=\"wp-block-heading has-large-font-size\" id=\"infos\" style=\"padding-right:var(--wp--preset--spacing--50);padding-left:var(--wp--preset--spacing--50)\">Fiche \u00e9clair<\/h2>\n\n\n\n<ul class=\"wp-block-list\">\n<li><strong>Joueurs<\/strong> : 2\u20134 (extensible \u00e0 6)<\/li>\n\n\n\n<li><strong>Dur\u00e9e<\/strong> : 30\u201360 min<\/li>\n\n\n\n<li><strong>\u00c2ge<\/strong> : 12+<\/li>\n\n\n\n<li><strong>Type<\/strong> : bluff \/ contr\u00f4le de zones \/ Programmation \/ Interaction directe \/ Gestion de r\u00e9serve<\/li>\n<\/ul>\n\n\n\n<ul class=\"wp-block-social-links aligncenter has-large-icon-size is-layout-flex wp-block-social-links-is-layout-flex\"><li class=\"wp-social-link wp-social-link-instagram  wp-block-social-link\"><a href=\"https:\/\/www.instagram.com\/TONCOMPTE\" class=\"wp-block-social-link-anchor\" target=\"_blank\" rel=\"noopener\"><svg width=\"24\" height=\"24\" viewBox=\"0 0 24 24\" version=\"1.1\" xmlns=\"http:\/\/www.w3.org\/2000\/svg\" aria-hidden=\"true\" focusable=\"false\"><path d=\"M12,4.622c2.403,0,2.688,0.009,3.637,0.052c0.877,0.04,1.354,0.187,1.671,0.31c0.42,0.163,0.72,0.358,1.035,0.673 c0.315,0.315,0.51,0.615,0.673,1.035c0.123,0.317,0.27,0.794,0.31,1.671c0.043,0.949,0.052,1.234,0.052,3.637 s-0.009,2.688-0.052,3.637c-0.04,0.877-0.187,1.354-0.31,1.671c-0.163,0.42-0.358,0.72-0.673,1.035 c-0.315,0.315-0.615,0.51-1.035,0.673c-0.317,0.123-0.794,0.27-1.671,0.31c-0.949,0.043-1.233,0.052-3.637,0.052 s-2.688-0.009-3.637-0.052c-0.877-0.04-1.354-0.187-1.671-0.31c-0.42-0.163-0.72-0.358-1.035-0.673 c-0.315-0.315-0.51-0.615-0.673-1.035c-0.123-0.317-0.27-0.794-0.31-1.671C4.631,14.688,4.622,14.403,4.622,12 s0.009-2.688,0.052-3.637c0.04-0.877,0.187-1.354,0.31-1.671c0.163-0.42,0.358-0.72,0.673-1.035 c0.315-0.315,0.615-0.51,1.035-0.673c0.317-0.123,0.794-0.27,1.671-0.31C9.312,4.631,9.597,4.622,12,4.622 M12,3 C9.556,3,9.249,3.01,8.289,3.054C7.331,3.098,6.677,3.25,6.105,3.472C5.513,3.702,5.011,4.01,4.511,4.511 c-0.5,0.5-0.808,1.002-1.038,1.594C3.25,6.677,3.098,7.331,3.054,8.289C3.01,9.249,3,9.556,3,12c0,2.444,0.01,2.751,0.054,3.711 c0.044,0.958,0.196,1.612,0.418,2.185c0.23,0.592,0.538,1.094,1.038,1.594c0.5,0.5,1.002,0.808,1.594,1.038 c0.572,0.222,1.227,0.375,2.185,0.418C9.249,20.99,9.556,21,12,21s2.751-0.01,3.711-0.054c0.958-0.044,1.612-0.196,2.185-0.418 c0.592-0.23,1.094-0.538,1.594-1.038c0.5-0.5,0.808-1.002,1.038-1.594c0.222-0.572,0.375-1.227,0.418-2.185 C20.99,14.751,21,14.444,21,12s-0.01-2.751-0.054-3.711c-0.044-0.958-0.196-1.612-0.418-2.185c-0.23-0.592-0.538-1.094-1.038-1.594 c-0.5-0.5-1.002-0.808-1.594-1.038c-0.572-0.222-1.227-0.375-2.185-0.418C14.751,3.01,14.444,3,12,3L12,3z M12,7.378 c-2.552,0-4.622,2.069-4.622,4.622S9.448,16.622,12,16.622s4.622-2.069,4.622-4.622S14.552,7.378,12,7.378z M12,15 c-1.657,0-3-1.343-3-3s1.343-3,3-3s3,1.343,3,3S13.657,15,12,15z M16.804,6.116c-0.596,0-1.08,0.484-1.08,1.08 s0.484,1.08,1.08,1.08c0.596,0,1.08-0.484,1.08-1.08S17.401,6.116,16.804,6.116z\"><\/path><\/svg><span class=\"wp-block-social-link-label screen-reader-text\">Question g\u00e9n\u00e9rale<\/span><\/a><\/li>\n\n<li class=\"wp-social-link wp-social-link-facebook  wp-block-social-link\"><a href=\"https:\/\/www.facebook.com\/TONCOMPTE\" class=\"wp-block-social-link-anchor\" target=\"_blank\" rel=\"noopener\"><svg width=\"24\" height=\"24\" viewBox=\"0 0 24 24\" version=\"1.1\" xmlns=\"http:\/\/www.w3.org\/2000\/svg\" aria-hidden=\"true\" focusable=\"false\"><path d=\"M12 2C6.5 2 2 6.5 2 12c0 5 3.7 9.1 8.4 9.9v-7H7.9V12h2.5V9.8c0-2.5 1.5-3.9 3.8-3.9 1.1 0 2.2.2 2.2.2v2.5h-1.3c-1.2 0-1.6.8-1.6 1.6V12h2.8l-.4 2.9h-2.3v7C18.3 21.1 22 17 22 12c0-5.5-4.5-10-10-10z\"><\/path><\/svg><span class=\"wp-block-social-link-label screen-reader-text\">Principal<\/span><\/a><\/li><\/ul>\n\n\n\n\n\n\n\n\n\n\n\n<h2 class=\"wp-block-heading has-large-font-size\" id=\"plus\" style=\"padding-right:var(--wp--preset--spacing--50);padding-left:var(--wp--preset--spacing--50)\">Pourquoi \u00e7a marche<\/h2>\n\n\n\n<ul style=\"padding-right:var(--wp--preset--spacing--60);padding-left:var(--wp--preset--spacing--60)\" class=\"wp-block-list\">\n<li style=\"padding-right:0;padding-left:0\"><strong>Courbe de puissance<\/strong> : Les strat\u00e9gies de gain dominent le d\u00e9but, les sabotages deviennent cruciaux \u00e0 la fin.<\/li>\n\n\n\n<li><strong>Interaction forte<\/strong> : Avec une limite de 2 attaques re\u00e7ues par manche, le ciblage est un dilemme permanent.<\/li>\n\n\n\n<li><strong>Asym\u00e9trie modulable<\/strong> : Combinez 6 arch\u00e9types fixes avec 9 esp\u00e8ces uniques pour des parties toujours renouvel\u00e9es.<\/li>\n<\/ul>\n\n\n\n\n\n\n\n\n\n\n\n\n\n\n\n<h2 class=\"wp-block-heading has-large-font-size\" id=\"notes\" style=\"padding-right:var(--wp--preset--spacing--50);padding-left:var(--wp--preset--spacing--50)\">  Notes de design<\/h2>\n\n\n\n<p style=\"border-style:none;border-width:0px;padding-right:var(--wp--preset--spacing--50);padding-left:var(--wp--preset--spacing--50)\">Colonia repose sur un syst\u00e8me de \u00ab\u00a0bascule\u00a0\u00bb. En d\u00e9but de partie, l&rsquo;abondance de l&rsquo;ar\u00e8ne favorise les sp\u00e9cialistes en colonisation massive. Mais d\u00e8s que la R\u00e9serve s&rsquo;amenuise, le jeu se transforme en un combat de chiens pour conserver ses acquis. C&rsquo;est cette transition organique qui cr\u00e9e le rythme du jeu.<\/p>\n\n\n\n\n\n\n\n<h2 class=\"wp-block-heading has-large-font-size\" id=\"ulule\" style=\"padding-right:var(--wp--preset--spacing--50);padding-left:var(--wp--preset--spacing--50)\">Ulule<\/h2>\n\n\n\n<p style=\"padding-right:var(--wp--preset--spacing--50);padding-left:var(--wp--preset--spacing--50)\">En attente de date.<\/p>\n\n\n\n<h2 class=\"wp-block-heading has-large-font-size\" id=\"faq\" style=\"padding-right:var(--wp--preset--spacing--50);padding-left:var(--wp--preset--spacing--50)\">FAQ<\/h2>\n\n\n\n<p style=\"padding-right:var(--wp--preset--spacing--50);padding-left:var(--wp--preset--spacing--50)\"><strong><strong>Est-ce frustrant de perdre des colons ?<\/strong><\/strong><br>Non, car le syst\u00e8me de contre-attaque et les boucliers permettent de punir les joueurs trop agressifs.<br><strong><strong>Comment g\u00e9rer l&rsquo;\u00e9galit\u00e9 ?<\/strong><\/strong><br>Le jeu privil\u00e9gie ceux qui ont \u00e9conomis\u00e9 leur Pouvoir sp\u00e9cial, puis utilise un syst\u00e8me de rang de recruteur pour trancher.<br><strong><strong>Peut-on jouer plus longtemps ?<\/strong><\/strong><br>Oui, il suffit d&rsquo;ajouter des jetons (perles, haricots) pour \u00e9tendre la r\u00e9serve de postulants.<br><\/p>\n\n\n\n<h2 class=\"wp-block-heading has-large-font-size\" id=\"credits\" style=\"padding-right:var(--wp--preset--spacing--50);padding-left:var(--wp--preset--spacing--50)\">Cr\u00e9dits<\/h2>\n\n\n\n<p style=\"padding-right:var(--wp--preset--spacing--50);padding-left:var(--wp--preset--spacing--50)\"><strong>\u00c9diteur<\/strong> : Noctiludi \u2022 <strong>Auteurs<\/strong> : L. Levesque, A. Lecareux \u2022 <strong>Dev<\/strong> : L. Levesque \u2022 <strong>Graphisme \/ Design<\/strong> : A. Lecareux<\/p>\n\n\n<style>.wp-block-kadence-advancedheading.kt-adv-heading12_e6ecbc-fc, .wp-block-kadence-advancedheading.kt-adv-heading12_e6ecbc-fc[data-kb-block=\"kb-adv-heading12_e6ecbc-fc\"]{font-style:normal;}.wp-block-kadence-advancedheading.kt-adv-heading12_e6ecbc-fc mark.kt-highlight, .wp-block-kadence-advancedheading.kt-adv-heading12_e6ecbc-fc[data-kb-block=\"kb-adv-heading12_e6ecbc-fc\"] mark.kt-highlight{font-style:normal;color:#f76a0c;-webkit-box-decoration-break:clone;box-decoration-break:clone;padding-top:0px;padding-right:0px;padding-bottom:0px;padding-left:0px;}.wp-block-kadence-advancedheading.kt-adv-heading12_e6ecbc-fc img.kb-inline-image, .wp-block-kadence-advancedheading.kt-adv-heading12_e6ecbc-fc[data-kb-block=\"kb-adv-heading12_e6ecbc-fc\"] img.kb-inline-image{width:150px;vertical-align:baseline;}<\/style>\n<h2 class=\"kt-adv-heading12_e6ecbc-fc wp-block-kadence-advancedheading has-theme-palette-5-color has-text-color\" data-kb-block=\"kb-adv-heading12_e6ecbc-fc\">Stellar Colonia est un jeu de <a href=\"https:\/\/www.noctiludi.com\/\" data-type=\"page\" data-id=\"12\">Noctiludi<\/a>. <\/h2>\n\n\n\n<p><\/p>\n","protected":false},"excerpt":{"rendered":"<p>Stellar Colonia Statut : \ud83d\udd35 En conception Diplomatie stellaire, sabotages tactiques, conqu\u00eate de la R\u00e9serve.. Pitch rapide Dans Stellar Colonia, vous dirigez une compagnie stellaire en qu\u00eate de colons. Sur&#8230;<\/p>\n","protected":false},"author":1,"featured_media":0,"parent":0,"menu_order":0,"comment_status":"closed","ping_status":"closed","template":"","meta":{"_acf_changed":false,"_EventAllDay":false,"_EventTimezone":"","_EventStartDate":"","_EventEndDate":"","_EventStartDateUTC":"","_EventEndDateUTC":"","_EventShowMap":false,"_EventShowMapLink":false,"_EventURL":"","_EventCost":"","_EventCostDescription":"","_EventCurrencySymbol":"","_EventCurrencyCode":"","_EventCurrencyPosition":"","_EventDateTimeSeparator":"","_EventTimeRangeSeparator":"","_EventOrganizerID":[],"_EventVenueID":[],"_OrganizerEmail":"","_OrganizerPhone":"","_OrganizerWebsite":"","_VenueAddress":"","_VenueCity":"","_VenueCountry":"","_VenueProvince":"","_VenueState":"","_VenueZip":"","_VenuePhone":"","_VenueURL":"","_VenueStateProvince":"","_VenueLat":"","_VenueLng":"","_VenueShowMap":false,"_VenueShowMapLink":false,"_kadence_starter_templates_imported_post":false,"_kad_post_transparent":"default","_kad_post_title":"default","_kad_post_layout":"default","_kad_post_sidebar_id":"","_kad_post_content_style":"default","_kad_post_vertical_padding":"default","_kad_post_feature":"default","_kad_post_feature_position":"","_kad_post_header":false,"_kad_post_footer":false,"_kad_post_classname":"","footnotes":""},"class_list":["post-12","page","type-page","status-publish","hentry"],"acf":[],"_links":{"self":[{"href":"https:\/\/www.noctiludi.com\/stellar-colonia\/wp-json\/wp\/v2\/pages\/12","targetHints":{"allow":["GET"]}}],"collection":[{"href":"https:\/\/www.noctiludi.com\/stellar-colonia\/wp-json\/wp\/v2\/pages"}],"about":[{"href":"https:\/\/www.noctiludi.com\/stellar-colonia\/wp-json\/wp\/v2\/types\/page"}],"author":[{"embeddable":true,"href":"https:\/\/www.noctiludi.com\/stellar-colonia\/wp-json\/wp\/v2\/users\/1"}],"replies":[{"embeddable":true,"href":"https:\/\/www.noctiludi.com\/stellar-colonia\/wp-json\/wp\/v2\/comments?post=12"}],"version-history":[{"count":62,"href":"https:\/\/www.noctiludi.com\/stellar-colonia\/wp-json\/wp\/v2\/pages\/12\/revisions"}],"predecessor-version":[{"id":711,"href":"https:\/\/www.noctiludi.com\/stellar-colonia\/wp-json\/wp\/v2\/pages\/12\/revisions\/711"}],"wp:attachment":[{"href":"https:\/\/www.noctiludi.com\/stellar-colonia\/wp-json\/wp\/v2\/media?parent=12"}],"curies":[{"name":"wp","href":"https:\/\/api.w.org\/{rel}","templated":true}]}}