{"id":456,"date":"2026-03-05T23:56:34","date_gmt":"2026-03-05T22:56:34","guid":{"rendered":"https:\/\/www.noctiludi.com\/stellar-colonia\/?page_id=456"},"modified":"2026-03-13T12:20:27","modified_gmt":"2026-03-13T11:20:27","slug":"contact","status":"publish","type":"page","link":"https:\/\/www.noctiludi.com\/stellar-colonia\/contact\/","title":{"rendered":"Contact"},"content":{"rendered":"\n<h1 class=\"wp-block-heading\" id=\"fancy-title-68f5e7a71f27a\">Nous contacter<\/h1>\n\n\n<div class=\"wp-block-kadence-advanced-form wp-block-kadence-advanced-form462-cpt-id kb-adv-form-label-style-normal kb-adv-form-input-size-standard kb-form-basic-style wp-block-kadence-advanced-form\"><form id=\"kb-adv-form-462-cpt-id\" class=\"kb-advanced-form\" method=\"post\">\n<style>.kb-row-layout-id462_517163-f3 > .kt-row-column-wrap{align-content:start;}:where(.kb-row-layout-id462_517163-f3 > .kt-row-column-wrap) > .wp-block-kadence-column{justify-content:start;}.kb-row-layout-id462_517163-f3 > .kt-row-column-wrap{column-gap:var(--global-kb-gap-md, 2rem);row-gap:var(--global-kb-gap-md, 2rem);padding-top:0px;padding-right:0px;padding-bottom:0px;padding-left:0px;grid-template-columns:repeat(2, minmax(0, 1fr));}.kb-row-layout-id462_517163-f3 > .kt-row-layout-overlay{opacity:0.30;}@media all and (max-width: 1024px){.kb-row-layout-id462_517163-f3 > .kt-row-column-wrap{grid-template-columns:repeat(2, minmax(0, 1fr));}}@media all and (max-width: 767px){.kb-row-layout-id462_517163-f3 > .kt-row-column-wrap{grid-template-columns:minmax(0, 1fr);}}<\/style><div class=\"kb-row-layout-wrap kb-row-layout-id462_517163-f3 alignnone wp-block-kadence-rowlayout\"><div class=\"kt-row-column-wrap kt-has-2-columns kt-row-layout-equal kt-tab-layout-inherit kt-mobile-layout-row kt-row-valign-top\">\n<style>.kadence-column462_cd0e87-dc > .kt-inside-inner-col,.kadence-column462_cd0e87-dc > .kt-inside-inner-col:before{border-top-left-radius:0px;border-top-right-radius:0px;border-bottom-right-radius:0px;border-bottom-left-radius:0px;}.kadence-column462_cd0e87-dc > .kt-inside-inner-col{column-gap:var(--global-kb-gap-sm, 1rem);}.kadence-column462_cd0e87-dc > .kt-inside-inner-col{flex-direction:column;}.kadence-column462_cd0e87-dc > .kt-inside-inner-col > .aligncenter{width:100%;}.kadence-column462_cd0e87-dc > .kt-inside-inner-col:before{opacity:0.3;}.kadence-column462_cd0e87-dc{position:relative;}@media all and (max-width: 1024px){.kadence-column462_cd0e87-dc > .kt-inside-inner-col{flex-direction:column;justify-content:center;}}@media all and (max-width: 767px){.kadence-column462_cd0e87-dc > .kt-inside-inner-col{flex-direction:column;justify-content:center;}}<\/style>\n<div class=\"wp-block-kadence-column kadence-column462_cd0e87-dc\"><div class=\"kt-inside-inner-col\"><style>@media all and (max-width: 767px){.wp-block-kadence-advanced-form .kb-field46260744d-38{max-width:3%;min-width:300px;}}<\/style><div class=\"kb-adv-form-field kb-adv-form-text-type-input kb-adv-form-infield-type-input kb-field46260744d-38 wp-block-kadence-advanced-form-text\"><label class=\"kb-adv-form-label\" for=\"field46260744d-38\">Nom \/ Pr\u00e9nom<\/label><input name=\"field60744d-38\" id=\"field46260744d-38\" data-label=\"Nom \/ Pr\u00e9nom\" type=\"text\" placeholder=\"\" value=\"\" data-type=\"text\" class=\"kb-field kb-text-field\" data-required=\"no\" \/><\/div><\/div><\/div>\n\n\n<style>.kadence-column462_75edc6-c5 > .kt-inside-inner-col,.kadence-column462_75edc6-c5 > .kt-inside-inner-col:before{border-top-left-radius:0px;border-top-right-radius:0px;border-bottom-right-radius:0px;border-bottom-left-radius:0px;}.kadence-column462_75edc6-c5 > .kt-inside-inner-col{column-gap:var(--global-kb-gap-sm, 1rem);}.kadence-column462_75edc6-c5 > .kt-inside-inner-col{flex-direction:column;}.kadence-column462_75edc6-c5 > .kt-inside-inner-col > .aligncenter{width:100%;}.kadence-column462_75edc6-c5 > .kt-inside-inner-col:before{opacity:0.3;}.kadence-column462_75edc6-c5{position:relative;}@media all and (max-width: 1024px){.kadence-column462_75edc6-c5 > .kt-inside-inner-col{flex-direction:column;justify-content:center;}}@media all and (max-width: 767px){.kadence-column462_75edc6-c5 > .kt-inside-inner-col{flex-direction:column;justify-content:center;}}<\/style>\n<div class=\"wp-block-kadence-column kadence-column462_75edc6-c5\"><div class=\"kt-inside-inner-col\"><style>@media all and (max-width: 767px){.wp-block-kadence-advanced-form .kb-field46201fa17-0c{max-width:3%;min-width:300px;}}<\/style><div class=\"kb-adv-form-field kb-adv-form-text-type-input kb-adv-form-infield-type-input kb-field46201fa17-0c wp-block-kadence-advanced-form-email\"><label class=\"kb-adv-form-label\" for=\"field46201fa17-0c\">Courriel<span class=\"kb-adv-form-required\">*<\/span><\/label><input name=\"field01fa17-0c\" id=\"field46201fa17-0c\" data-label=\"Courriel\" type=\"email\" placeholder=\"\" value=\"\" data-type=\"email\" class=\"kb-field kb-email-field\" data-required=\"yes\" required aria-required=\"true\"\/><\/div><\/div><\/div>\n\n\n<style>.kadence-column462_bf4433-fe > .kt-inside-inner-col,.kadence-column462_bf4433-fe > .kt-inside-inner-col:before{border-top-left-radius:0px;border-top-right-radius:0px;border-bottom-right-radius:0px;border-bottom-left-radius:0px;}.kadence-column462_bf4433-fe > .kt-inside-inner-col{column-gap:var(--global-kb-gap-sm, 1rem);}.kadence-column462_bf4433-fe > .kt-inside-inner-col{flex-direction:column;}.kadence-column462_bf4433-fe > .kt-inside-inner-col > .aligncenter{width:100%;}.kadence-column462_bf4433-fe > .kt-inside-inner-col:before{opacity:0.3;}.kadence-column462_bf4433-fe{position:relative;}@media all and (max-width: 1024px){.kadence-column462_bf4433-fe > .kt-inside-inner-col{flex-direction:column;justify-content:center;}}@media all and (max-width: 767px){.kadence-column462_bf4433-fe > .kt-inside-inner-col{flex-direction:column;justify-content:center;}}<\/style>\n<div class=\"wp-block-kadence-column kadence-column462_bf4433-fe\"><div class=\"kt-inside-inner-col\"><style>@media all and (max-width: 767px){.wp-block-kadence-advanced-form .kb-field4627d3931-d7{max-width:3%;min-width:300px;}}<\/style><div class=\"kb-adv-form-field kb-adv-form-infield-type-input kb-field4627d3931-d7 wp-block-kadence-advanced-form-select\"><label class=\"kb-adv-form-label\" for=\"field4627d3931-d7\">Type de demande<\/label><select  name=\"field7d3931-d7\" id=\"field4627d3931-d7\" ><option value=\"\u00catre averti(e) du lancement Ulule \u2014 Stellar Colonia\">\u00catre averti(e) du lancement Ulule \u2014 Stellar Colonia<\/option><option value=\"Playtest \/ d\u00e9mo \/ \u00e9v\u00e9nement\">Playtest \/ d\u00e9mo \/ \u00e9v\u00e9nement<\/option><option value=\"Presse \/ influence \/ partenariat\">Presse \/ influence \/ partenariat<\/option><option value=\"Boutique \/ distribution\">Boutique \/ distribution<\/option><option value=\"Autre (message libre)\">Autre (message libre)<\/option><\/select><\/div><\/div><\/div>\n\n\n<style>.kadence-column462_8bd0c1-e7 > .kt-inside-inner-col,.kadence-column462_8bd0c1-e7 > .kt-inside-inner-col:before{border-top-left-radius:0px;border-top-right-radius:0px;border-bottom-right-radius:0px;border-bottom-left-radius:0px;}.kadence-column462_8bd0c1-e7 > .kt-inside-inner-col{column-gap:var(--global-kb-gap-sm, 1rem);}.kadence-column462_8bd0c1-e7 > .kt-inside-inner-col{flex-direction:column;}.kadence-column462_8bd0c1-e7 > .kt-inside-inner-col > .aligncenter{width:100%;}.kadence-column462_8bd0c1-e7 > .kt-inside-inner-col:before{opacity:0.3;}.kadence-column462_8bd0c1-e7{position:relative;}@media all and (max-width: 1024px){.kadence-column462_8bd0c1-e7 > .kt-inside-inner-col{flex-direction:column;justify-content:center;}}@media all and (max-width: 767px){.kadence-column462_8bd0c1-e7 > .kt-inside-inner-col{flex-direction:column;justify-content:center;}}<\/style>\n<div class=\"wp-block-kadence-column kadence-column462_8bd0c1-e7\"><div class=\"kt-inside-inner-col\"><\/div><\/div>\n\n<\/div><\/div>\n\n<style>.wp-block-kadence-advanced-form .kb-field462f341ab-63{max-width:83%;min-width:1250px;}@media all and (max-width: 767px){.wp-block-kadence-advanced-form .kb-field462f341ab-63{max-width:3%;min-width:300px;}}<\/style><div class=\"kb-adv-form-field kb-field462f341ab-63 wp-block-kadence-advanced-form-checkbox\"><fieldset class=\"kb-radio-check-item-wrap\" id=\"cb462f341ab-63\" data-type=\"checkbox\" data-required=\"no\" ><div class=\"kb-radio-check-item\"><input class=\"kb-checkbox-style\" type=\"checkbox\"  id=\"field462f341ab-63_0\" name=\"fieldf341ab-63[]\" value=\"Je souhaite recevoir un e-mail de Noctiludi m\u2019informant du lancement du projet &quot;Stellar Colonia&quot; sur Ulule.\"><label for=\"field462f341ab-63_0\">Je souhaite recevoir un e-mail de Noctiludi m\u2019informant du lancement du projet \u00ab\u00a0Stellar Colonia\u00a0\u00bb sur Ulule.<\/label><\/div><\/fieldset><\/div>\n\n<style>.wp-block-kadence-advancedheading.kt-adv-heading462_9732cf-84, .wp-block-kadence-advancedheading.kt-adv-heading462_9732cf-84[data-kb-block=\"kb-adv-heading462_9732cf-84\"]{font-style:normal;}.wp-block-kadence-advancedheading.kt-adv-heading462_9732cf-84 mark.kt-highlight, .wp-block-kadence-advancedheading.kt-adv-heading462_9732cf-84[data-kb-block=\"kb-adv-heading462_9732cf-84\"] mark.kt-highlight{font-style:normal;color:#f76a0c;-webkit-box-decoration-break:clone;box-decoration-break:clone;padding-top:0px;padding-right:0px;padding-bottom:0px;padding-left:0px;}.wp-block-kadence-advancedheading.kt-adv-heading462_9732cf-84 img.kb-inline-image, .wp-block-kadence-advancedheading.kt-adv-heading462_9732cf-84[data-kb-block=\"kb-adv-heading462_9732cf-84\"] img.kb-inline-image{width:150px;vertical-align:baseline;}@media all and (max-width: 767px){.wp-block-kadence-advancedheading.kt-adv-heading462_9732cf-84, .wp-block-kadence-advancedheading.kt-adv-heading462_9732cf-84[data-kb-block=\"kb-adv-heading462_9732cf-84\"]{max-width:360px;}}<\/style>\n<p class=\"kt-adv-heading462_9732cf-84 wp-block-kadence-advancedheading\" data-kb-block=\"kb-adv-heading462_9732cf-84\">Les informations transmises via ce formulaire sont utilis\u00e9es uniquement pour traiter votre demande et vous r\u00e9pondre. Elles sont conserv\u00e9es 12 mois maximum \u00e0 compter du dernier \u00e9change, puis supprim\u00e9es. Vous pouvez exercer vos droits (acc\u00e8s, rectification, suppression, opposition) en nous \u00e9crivant \u00e0&nbsp;<a>infos@noctiludi.com<\/a>. En savoir plus :&nbsp;<a href=\"https:\/\/www.noctiludi.com\/stellar-colonia\/politique-de-confidentialite\/\">Politique de confidentialit\u00e9.<\/a><\/p>\n\n\n<div class=\"kb-adv-form-field kb-adv-form-text-type-input kb-adv-form-infield-type-input kb-field462d7cad5-47 wp-block-kadence-advanced-form-textarea\"><label class=\"kb-adv-form-label\" for=\"field462d7cad5-47\">Message<span class=\"kb-adv-form-required\">*<\/span><\/label><textarea name=\"fieldd7cad5-47\" id=\"field462d7cad5-47\" rows=\"3\"  data-label=\"Message\" placeholder=\"\" data-type=\"textarea\" class=\"kb-field kb-textarea-field\" data-required=\"yes\" required aria-required=\"true\"><\/textarea><\/div>\n\n<style>ul.menu .kb-submit-field .kb-btn9e0890-d0.kb-button{width:initial;}.kb-submit-field .kb-btn9e0890-d0.kb-button{color:#f6f2f2;background:#801111;}.kb-submit-field.kb-field9e0890-d0{justify-content:flex-start;}<\/style><div class=\"kb-adv-form-field kb-submit-field kb-field9e0890-d0 wp-block-kadence-advanced-form-submit\"><button class=\"kb-button kt-button button kb-adv-form-submit-button kb-btn9e0890-d0 kt-btn-size-standard kt-btn-width-type-auto kb-btn-global-fill kt-btn-has-text-true kt-btn-has-svg-false\" type=\"submit\"><span class=\"kt-btn-inner-text\">Envoi<\/span><\/button><\/div>\n<input type=\"hidden\" name=\"_kb_adv_form_post_id\" value=\"462\"><input type=\"hidden\" name=\"action\" value=\"kb_process_advanced_form_submit\"><input type=\"hidden\" name=\"_kb_adv_form_id\" value=\"462-cpt-id\"><\/form><\/div>\n\n\n<p><\/p>\n","protected":false},"excerpt":{"rendered":"<p>Nous contacter<\/p>\n","protected":false},"author":1,"featured_media":0,"parent":0,"menu_order":0,"comment_status":"closed","ping_status":"closed","template":"","meta":{"_acf_changed":false,"_EventAllDay":false,"_EventTimezone":"","_EventStartDate":"","_EventEndDate":"","_EventStartDateUTC":"","_EventEndDateUTC":"","_EventShowMap":false,"_EventShowMapLink":false,"_EventURL":"","_EventCost":"","_EventCostDescription":"","_EventCurrencySymbol":"","_EventCurrencyCode":"","_EventCurrencyPosition":"","_EventDateTimeSeparator":"","_EventTimeRangeSeparator":"","_EventOrganizerID":[],"_EventVenueID":[],"_OrganizerEmail":"","_OrganizerPhone":"","_OrganizerWebsite":"","_VenueAddress":"","_VenueCity":"","_VenueCountry":"","_VenueProvince":"","_VenueState":"","_VenueZip":"","_VenuePhone":"","_VenueURL":"","_VenueStateProvince":"","_VenueLat":"","_VenueLng":"","_VenueShowMap":false,"_VenueShowMapLink":false,"_kadence_starter_templates_imported_post":false,"_kad_post_transparent":"","_kad_post_title":"","_kad_post_layout":"","_kad_post_sidebar_id":"","_kad_post_content_style":"","_kad_post_vertical_padding":"","_kad_post_feature":"","_kad_post_feature_position":"","_kad_post_header":false,"_kad_post_footer":false,"_kad_post_classname":"","footnotes":""},"class_list":["post-456","page","type-page","status-publish","hentry"],"acf":[],"_links":{"self":[{"href":"https:\/\/www.noctiludi.com\/stellar-colonia\/wp-json\/wp\/v2\/pages\/456","targetHints":{"allow":["GET"]}}],"collection":[{"href":"https:\/\/www.noctiludi.com\/stellar-colonia\/wp-json\/wp\/v2\/pages"}],"about":[{"href":"https:\/\/www.noctiludi.com\/stellar-colonia\/wp-json\/wp\/v2\/types\/page"}],"author":[{"embeddable":true,"href":"https:\/\/www.noctiludi.com\/stellar-colonia\/wp-json\/wp\/v2\/users\/1"}],"replies":[{"embeddable":true,"href":"https:\/\/www.noctiludi.com\/stellar-colonia\/wp-json\/wp\/v2\/comments?post=456"}],"version-history":[{"count":2,"href":"https:\/\/www.noctiludi.com\/stellar-colonia\/wp-json\/wp\/v2\/pages\/456\/revisions"}],"predecessor-version":[{"id":467,"href":"https:\/\/www.noctiludi.com\/stellar-colonia\/wp-json\/wp\/v2\/pages\/456\/revisions\/467"}],"wp:attachment":[{"href":"https:\/\/www.noctiludi.com\/stellar-colonia\/wp-json\/wp\/v2\/media?parent=456"}],"curies":[{"name":"wp","href":"https:\/\/api.w.org\/{rel}","templated":true}]}}