{"id":183,"date":"2026-02-26T16:30:19","date_gmt":"2026-02-26T15:30:19","guid":{"rendered":"https:\/\/www.noctisstudio.com\/vampires-jeux-nocturnes\/?page_id=183"},"modified":"2026-03-13T11:20:23","modified_gmt":"2026-03-13T10:20:23","slug":"mentions-legales","status":"publish","type":"page","link":"https:\/\/www.noctiludi.com\/vampires-jeux-nocturnes\/mentions-legales\/","title":{"rendered":"Mentions l\u00e9gales"},"content":{"rendered":"\n<h1 class=\"wp-block-heading\"><strong>Mentions l\u00e9gales &amp; Conditions d\u2019utilisation<\/strong><\/h1>\n\n\n\n<h2 class=\"wp-block-heading\">Editeur du site<\/h2>\n\n\n\n<p><br><strong>Noctiludi<\/strong> \u2014 Entreprise Individuelle (EI) <br><strong>Nom &amp; Pr\u00e9nom :<\/strong> Laurent Levesque <br><strong>Si\u00e8ge social :<\/strong> 25 rue Henri Matisse 95330 Domont <br><strong>SIREN :<\/strong> en cours<br><strong>Dispense d&rsquo;immatriculation au RCS<\/strong> <br><strong>TVA :<\/strong> TVA non applicable, art. 293 B du CGI<br><strong>Directeur de la publication :<\/strong> Laurent Levesque <br><strong>Contact :<\/strong> <a href=\"mailto:infos@noctiludi.com\">infos@noctiludi.com<\/a><\/p>\n\n\n\n<h2 class=\"wp-block-heading\">H\u00e9bergeur<\/h2>\n\n\n\n<p><br>OVH SAS, filiale de la soci\u00e9t\u00e9 OVH Groupe SA <br>Si\u00e8ge social : 2 rue Kellermann &#8211; 59100 Roubaix &#8211; <br>France Contact : <a href=\"https:\/\/www.ovhcloud.com\/fr\/contact\/\" target=\"_blank\" rel=\"noreferrer noopener\">OVH<\/a><\/p>\n\n\n\n<h2 class=\"wp-block-heading\">D\u00e9finitions<\/h2>\n\n\n\n<ul class=\"wp-block-list\">\n<li>Client : tout professionnel ou consommateur qui visite le Site.<\/li>\n\n\n\n<li>Utilisateur : toute personne qui acc\u00e8de et navigue sur le Site.<\/li>\n\n\n\n<li>Prestations et Services : contenus et fonctionnalit\u00e9s mis \u00e0 disposition via le Site.<\/li>\n\n\n\n<li>Contenu : textes, images, vid\u00e9os, graphismes, logos, fichiers t\u00e9l\u00e9chargeables, etc.<\/li>\n\n\n\n<li>Donn\u00e9es personnelles : toute information relative \u00e0 une personne identifi\u00e9e ou identifiable (RGPD n\u00b02016\/679).<\/li>\n<\/ul>\n\n\n\n<h2 class=\"wp-block-heading\">Objet du site et acceptation des conditions<\/h2>\n\n\n\n<p>Le pr\u00e9sent site a pour objet de pr\u00e9senter les activit\u00e9s, produits et services de Noctiludi.<br>L\u2019acc\u00e8s et l\u2019utilisation impliquent l\u2019acceptation pleine et enti\u00e8re des pr\u00e9sentes conditions, susceptibles d\u2019\u00e9voluer.<br>Les Utilisateurs sont invit\u00e9s \u00e0 les consulter r\u00e9guli\u00e8rement.<\/p>\n\n\n\n<h2 class=\"wp-block-heading\">Acc\u00e8s, disponibilit\u00e9 et maintenance<\/h2>\n\n\n\n<p>Le site est normalement accessible 24h\/24, 7j\/7. Une interruption pour maintenance, mise \u00e0 jour ou cas de force majeure peut intervenir sans pr\u00e9avis. Noctiludi s\u2019efforce de limiter la dur\u00e9e de ces interruptions.<\/p>\n\n\n\n<h2 class=\"wp-block-heading\">Description des services fournis<\/h2>\n\n\n\n<p>Les informations sont fournies \u00e0 titre indicatif et peuvent \u00e9voluer. Malgr\u00e9 nos soins, des erreurs peuvent subsister. Noctiludi ne saurait \u00eatre tenue responsable d\u2019\u00e9ventuelles inexactitudes ou omissions.<\/p>\n\n\n\n<h2 class=\"wp-block-heading\">Conditions d\u2019utilisation<\/h2>\n\n\n\n<p>L\u2019utilisateur s\u2019interdit tout usage frauduleux ou de nature \u00e0 compromettre l\u2019int\u00e9grit\u00e9 et le fonctionnement du site (tentatives d\u2019intrusion, extraction automatis\u00e9e de donn\u00e9es, envoi de contenus illicites, etc.). Noctiludi pourra restreindre l\u2019acc\u00e8s en cas d\u2019usage abusif.<\/p>\n\n\n\n<h2 class=\"wp-block-heading\">Environnement technique et s\u00e9curit\u00e9<\/h2>\n\n\n\n<p>L\u2019utilisateur s\u2019engage \u00e0 utiliser un mat\u00e9riel r\u00e9cent, exempt de virus et un navigateur \u00e0 jour. Noctiludi et l\u2019h\u00e9bergeur ne sauraient \u00eatre tenus responsables des dysfonctionnements li\u00e9s au r\u00e9seau Internet.<\/p>\n\n\n\n<h2 class=\"wp-block-heading\">Propri\u00e9t\u00e9 intellectuelle<\/h2>\n\n\n\n<p>Le site et son contenu sont prot\u00e9g\u00e9s par le droit d\u2019auteur et, le cas \u00e9ch\u00e9ant, par le droit des marques. Toute reproduction, repr\u00e9sentation, adaptation ou exploitation, totale ou partielle, est interdite sans autorisation \u00e9crite pr\u00e9alable.<\/p>\n\n\n\n<h2 class=\"wp-block-heading\">Liens hypertextes<\/h2>\n\n\n\n<p>Le site peut contenir des liens vers des sites tiers. Noctiludi n\u2019exerce aucun contr\u00f4le sur ces ressources et d\u00e9cline toute responsabilit\u00e9 quant \u00e0 leurs contenus, politiques ou disponibilit\u00e9s.<\/p>\n\n\n\n<h2 class=\"wp-block-heading\">Responsabilit\u00e9<\/h2>\n\n\n\n<p>L\u2019utilisation du site se fait aux risques de l\u2019utilisateur. Noctiludi ne saurait \u00eatre tenue responsable des dommages indirects (perte de chance, perte de march\u00e9, etc.) cons\u00e9cutifs \u00e0 l\u2019utilisation du site.<\/p>\n\n\n\n<h2 class=\"wp-block-heading\">Donn\u00e9es personnelles<\/h2>\n\n\n\n<p>Pour conna\u00eetre les cat\u00e9gories de donn\u00e9es trait\u00e9es, finalit\u00e9s, bases l\u00e9gales, dur\u00e9es de conservation, destinataires, transferts, mesures de s\u00e9curit\u00e9, ainsi que vos droits (acc\u00e8s, rectification, opposition, effacement, limitation, portabilit\u00e9) et leurs modalit\u00e9s d\u2019exercice, consultez notre <a href=\"https:\/\/www.noctiludi.com\/vampires-jeux-nocturnes\/politique-de-confidentialite\/\">Politique de confidentialite<\/a><\/p>\n\n\n\n<h2 class=\"wp-block-heading\">Cookies et traceurs<\/h2>\n\n\n\n<p>Voir la <a href=\"https:\/\/www.noctiludi.com\/vampires-jeux-nocturnes\/politique-de-confidentialite\/\" data-type=\"page\" data-id=\"2148\">Politique de confidentialit\u00e9<\/a>.<\/p>\n\n\n\n<h2 class=\"wp-block-heading\">Accessibilit\u00e9<\/h2>\n\n\n\n<p>Nous visons la conformit\u00e9 RGAA. <br>Vous pouvez aussi saisir le D\u00e9fenseur des droits : <a href=\"https:\/\/formulaire.defenseurdesdroits.fr\/\" target=\"_blank\" rel=\"noopener\">Formulaire defenseur des droits<\/a><\/p>\n\n\n\n<h2 class=\"wp-block-heading\">Droit applicable et juridiction<\/h2>\n\n\n\n<p>Les pr\u00e9sentes sont soumises au droit fran\u00e7ais. \u00c0 d\u00e9faut de r\u00e9solution amiable, comp\u00e9tence revient aux tribunaux fran\u00e7ais territorialement comp\u00e9tents.<\/p>\n\n\n\n<h2 class=\"wp-block-heading\">Cr\u00e9dits<\/h2>\n\n\n\n<p>Photos\/illustrations : Laurent Levesque<br>D\u00e9veloppement et design : WordPress \/ th\u00e8me Kadence.<\/p>\n","protected":false},"excerpt":{"rendered":"<p>Mentions l\u00e9gales &amp; Conditions d\u2019utilisation Editeur du site Noctiludi \u2014 Entreprise Individuelle (EI) Nom &amp; Pr\u00e9nom : Laurent Levesque Si\u00e8ge social : 25 rue Henri Matisse 95330 Domont SIREN :&#8230;<\/p>\n","protected":false},"author":1,"featured_media":0,"parent":0,"menu_order":0,"comment_status":"closed","ping_status":"closed","template":"","meta":{"_acf_changed":false,"_EventAllDay":false,"_EventTimezone":"","_EventStartDate":"","_EventEndDate":"","_EventStartDateUTC":"","_EventEndDateUTC":"","_EventShowMap":false,"_EventShowMapLink":false,"_EventURL":"","_EventCost":"","_EventCostDescription":"","_EventCurrencySymbol":"","_EventCurrencyCode":"","_EventCurrencyPosition":"","_EventDateTimeSeparator":"","_EventTimeRangeSeparator":"","_EventOrganizerID":[],"_EventVenueID":[],"_OrganizerEmail":"","_OrganizerPhone":"","_OrganizerWebsite":"","_VenueAddress":"","_VenueCity":"","_VenueCountry":"","_VenueProvince":"","_VenueState":"","_VenueZip":"","_VenuePhone":"","_VenueURL":"","_VenueStateProvince":"","_VenueLat":"","_VenueLng":"","_VenueShowMap":false,"_VenueShowMapLink":false,"_kadence_starter_templates_imported_post":false,"_kad_post_transparent":"","_kad_post_title":"","_kad_post_layout":"","_kad_post_sidebar_id":"","_kad_post_content_style":"","_kad_post_vertical_padding":"","_kad_post_feature":"","_kad_post_feature_position":"","_kad_post_header":false,"_kad_post_footer":false,"_kad_post_classname":"","footnotes":""},"class_list":["post-183","page","type-page","status-publish","hentry"],"acf":[],"_links":{"self":[{"href":"https:\/\/www.noctiludi.com\/vampires-jeux-nocturnes\/wp-json\/wp\/v2\/pages\/183","targetHints":{"allow":["GET"]}}],"collection":[{"href":"https:\/\/www.noctiludi.com\/vampires-jeux-nocturnes\/wp-json\/wp\/v2\/pages"}],"about":[{"href":"https:\/\/www.noctiludi.com\/vampires-jeux-nocturnes\/wp-json\/wp\/v2\/types\/page"}],"author":[{"embeddable":true,"href":"https:\/\/www.noctiludi.com\/vampires-jeux-nocturnes\/wp-json\/wp\/v2\/users\/1"}],"replies":[{"embeddable":true,"href":"https:\/\/www.noctiludi.com\/vampires-jeux-nocturnes\/wp-json\/wp\/v2\/comments?post=183"}],"version-history":[{"count":11,"href":"https:\/\/www.noctiludi.com\/vampires-jeux-nocturnes\/wp-json\/wp\/v2\/pages\/183\/revisions"}],"predecessor-version":[{"id":599,"href":"https:\/\/www.noctiludi.com\/vampires-jeux-nocturnes\/wp-json\/wp\/v2\/pages\/183\/revisions\/599"}],"wp:attachment":[{"href":"https:\/\/www.noctiludi.com\/vampires-jeux-nocturnes\/wp-json\/wp\/v2\/media?parent=183"}],"curies":[{"name":"wp","href":"https:\/\/api.w.org\/{rel}","templated":true}]}}